{"id":985,"date":"2018-01-14T23:57:59","date_gmt":"2018-01-15T07:57:59","guid":{"rendered":"http:\/\/cynagua.westkingdom.org\/wpp\/?page_id=985"},"modified":"2019-06-17T01:06:07","modified_gmt":"2019-06-17T08:06:07","slug":"awards-given-by-gwain-meisha","status":"publish","type":"page","link":"https:\/\/cynagua.westkingdom.org\/wpp\/royal-roll\/gwain-meisha\/awards-given-by-gwain-meisha\/","title":{"rendered":"Awards Given by Gwain &#038; Meisha"},"content":{"rendered":"<p>Awards data courtesy of the Golem Herald<\/p>\n<table border=\"0\" width=\"174\" cellspacing=\"0\" cellpadding=\"0\">\n<colgroup>\n<col span=\"2\" width=\"87\"><\/colgroup>\n<tbody>\n<tr>\n<td class=\"xl65\" colspan=\"2\" width=\"174\" height=\"24\">\n<h4 style=\"text-align: center;\">1\/27\/2018 (Saturday)&nbsp;&#8212;&nbsp;Cynagua Investiture<\/h4>\n<\/td>\n<\/tr>\n<tr>\n<td class=\"xl66\" height=\"32\">Aurora Komnene<\/td>\n<td class=\"xl66\">Ruxton (#73)<\/td>\n<\/tr>\n<tr>\n<td class=\"xl66\" height=\"32\">Christiana of Danegeld Tor<\/td>\n<td class=\"xl66\">Award of Arms<\/td>\n<\/tr>\n<tr>\n<td class=\"xl66\" height=\"32\">Aodh\u00e1n \u00d3 Ceallaigh (aka Aodhan O&#8217;Ceallaigh)<\/td>\n<td class=\"xl66\">Scutiferus Cynaguae<\/td>\n<\/tr>\n<tr>\n<td class=\"xl66\" height=\"32\">Aurora Komnene<\/td>\n<td class=\"xl66\">Au Coeur de le Cygne Noir<\/td>\n<\/tr>\n<tr>\n<td class=\"xl66\" height=\"32\">Justin Brennan Dickson<\/td>\n<td class=\"xl66\">Melan Pteron Cynagua<\/td>\n<\/tr>\n<tr>\n<td class=\"xl66\" height=\"32\">Rolf the Relentless<\/td>\n<td class=\"xl66\">Au Coeur de le Cygne Noir<\/td>\n<\/tr>\n<tr>\n<td class=\"xl66\" height=\"32\">Justin Brennan Dickson<\/td>\n<td class=\"xl66\">Cynaguan Quill (Bronze)<\/td>\n<\/tr>\n<tr>\n<td class=\"xl66\" height=\"32\">Linnet Hatfield (aka Linnet of Heart&#8217;s Rest)<\/td>\n<td class=\"xl66\">Cynaguan Quill (Silver)<\/td>\n<\/tr>\n<tr>\n<td class=\"xl66\" height=\"32\">Meash White (aka Meash Nadler, Mysh Nadler, Mechtel Nadler, Rosalyn White, Rosline of Fendrake Marsh, Rosalin Costa, Rosalyn of Vinhold)<\/td>\n<td class=\"xl66\">Cynaguan Quill (Bronze)<\/td>\n<\/tr>\n<tr>\n<td class=\"xl66\" height=\"32\">Moira O&#8217;Connor<\/td>\n<td class=\"xl66\">Cynaguan Quill (Gold)<\/td>\n<\/tr>\n<tr>\n<td class=\"xl66\" height=\"32\">Angus Tyresson (aka Angus Tyresson Shieldbreaker, Angus Manners)<\/td>\n<td class=\"xl66\">Princess&#8217; Token<\/td>\n<\/tr>\n<tr>\n<td class=\"xl66\" height=\"32\">Aodh\u00e1n \u00d3 Ceallaigh (aka Aodhan O&#8217;Ceallaigh)<\/td>\n<td class=\"xl66\">Princess&#8217; Token<\/td>\n<\/tr>\n<tr>\n<td class=\"xl66\" height=\"32\">Arthur Baynbridge (aka Arthurus Ward, Alaric Bannson, Arthur Bainbridge)<\/td>\n<td class=\"xl66\">Princess&#8217; Token<\/td>\n<\/tr>\n<tr>\n<td class=\"xl66\" height=\"32\">Arthur Baynbridge (aka Arthurus Ward, Alaric Bannson, Arthur Bainbridge)<\/td>\n<td class=\"xl66\">Prince&#8217;s Token<\/td>\n<\/tr>\n<tr>\n<td class=\"xl66\" height=\"32\">Bai Wei Long<\/td>\n<td class=\"xl66\">Prince&#8217;s Token<\/td>\n<\/tr>\n<tr>\n<td class=\"xl66\" height=\"32\">Brynhildr Prudr (aka Brynhildr of Vakkerfjell)<\/td>\n<td class=\"xl66\">Princess&#8217; Token<\/td>\n<\/tr>\n<tr>\n<td class=\"xl66\" height=\"32\">Caoilinn Rose Maddox (aka Caillainn Rose, Caelina Rose, Caiolinn Rose Maddox)<\/td>\n<td class=\"xl66\">Princess&#8217; Token<\/td>\n<\/tr>\n<tr>\n<td class=\"xl66\" height=\"32\">Cassiopeia Livius (aka Cassiopea Olivus)<\/td>\n<td class=\"xl66\">Princess&#8217; Token<\/td>\n<\/tr>\n<tr>\n<td class=\"xl66\" height=\"32\">Clarice Walker (aka Katherine of Danegeld Tor, Clarice Robinson, Katherine Robinson, Kathryn Robinson)<\/td>\n<td class=\"xl66\">Prince&#8217;s Token<\/td>\n<\/tr>\n<tr>\n<td class=\"xl66\" height=\"32\">Dante de Collino (aka Dante DeCollino, Daniel of Danegeld Tor)<\/td>\n<td class=\"xl66\">Princess&#8217; Token<\/td>\n<\/tr>\n<tr>\n<td class=\"xl66\" height=\"32\">Dante de Collino (aka Dante DeCollino, Daniel of Danegeld Tor)<\/td>\n<td class=\"xl66\">Prince&#8217;s Token<\/td>\n<\/tr>\n<tr>\n<td class=\"xl66\" height=\"32\">Etain la Gamine<\/td>\n<td class=\"xl66\">Princess&#8217; Token<\/td>\n<\/tr>\n<tr>\n<td class=\"xl66\" height=\"32\">Freyd\u00eds \u00dalfsd\u00f3ttir (aka Farleigh de Grey, Farleigh nic Laurie, Farleigh Greyson, Farleigh Greyerbiehl)<\/td>\n<td class=\"xl66\">Princess&#8217; Token<\/td>\n<\/tr>\n<tr>\n<td class=\"xl66\" height=\"32\">Gwendwyn the Silent (aka Gwendolyn the Silent)<\/td>\n<td class=\"xl66\">Princess&#8217; Token<\/td>\n<\/tr>\n<tr>\n<td class=\"xl66\" height=\"32\">Hattori Shingen<\/td>\n<td class=\"xl66\">Princess&#8217; Token<\/td>\n<\/tr>\n<tr>\n<td class=\"xl66\" height=\"32\">Hattori Shingen<\/td>\n<td class=\"xl66\">Prince&#8217;s Token<\/td>\n<\/tr>\n<tr>\n<td class=\"xl66\" height=\"32\">Jitka Pavlova<\/td>\n<td class=\"xl66\">Princess&#8217; Token<\/td>\n<\/tr>\n<tr>\n<td class=\"xl66\" height=\"32\">Jitka Pavlova<\/td>\n<td class=\"xl66\">Princess&#8217; Token<\/td>\n<\/tr>\n<tr>\n<td class=\"xl66\" height=\"32\">Konrad the Bohemian (aka Conrad the Bohemian)<\/td>\n<td class=\"xl66\">Prince&#8217;s Token<\/td>\n<\/tr>\n<tr>\n<td class=\"xl66\" height=\"32\">Krysta of Starfall (aka Krysta MacIntyre)<\/td>\n<td class=\"xl66\">Princess&#8217; Token<\/td>\n<\/tr>\n<tr>\n<td class=\"xl66\" height=\"32\">Lucas Mac Conmael (aka Bjorn Leukos MacDomniul)<\/td>\n<td class=\"xl66\">Pearl of the Court<\/td>\n<\/tr>\n<tr>\n<td class=\"xl66\" height=\"32\">Lucas Mac Conmael (aka Bjorn Leukos MacDomniul)<\/td>\n<td class=\"xl66\">Princess&#8217; Token<\/td>\n<\/tr>\n<tr>\n<td class=\"xl66\" height=\"32\">Micheila MacCallum (aka Michaela MacCollum, Mikaela McCullon, Mikaela of the Mists)<\/td>\n<td class=\"xl66\">Princess&#8217; Token<\/td>\n<\/tr>\n<tr>\n<td class=\"xl66\" height=\"32\">Ragnar Walrichsson (aka Arjac of Vakkerfjell)<\/td>\n<td class=\"xl66\">Princess&#8217; Token<\/td>\n<\/tr>\n<tr>\n<td class=\"xl66\" height=\"32\">Sa&#8217;d al-Nizari<\/td>\n<td class=\"xl66\">Prince&#8217;s Token<\/td>\n<\/tr>\n<tr>\n<td class=\"xl66\" height=\"32\">Trian mac Caemgen (aka Trion Caolmhe)<\/td>\n<td class=\"xl66\">Princess&#8217; Token<\/td>\n<\/tr>\n<tr>\n<td class=\"xl66\" height=\"32\">Tusya Tatiana Sudoseva<\/td>\n<td class=\"xl66\">Heart of the Princess<\/td>\n<\/tr>\n<tr>\n<td class=\"xl66\" height=\"32\">Umm Jibril Munisa bint al-Nadr (aka Umm Jibril)<\/td>\n<td class=\"xl66\">Princess&#8217; Token<\/td>\n<\/tr>\n<tr>\n<td class=\"xl66\" height=\"32\">Umm Jibril Munisa bint al-Nadr (aka Umm Jibril)<\/td>\n<td class=\"xl66\">Princess&#8217; Token<\/td>\n<\/tr>\n<tr>\n<td class=\"xl66\" height=\"32\">Vincenzo di Calabria<\/td>\n<td class=\"xl66\">Prince&#8217;s Token<\/td>\n<\/tr>\n<tr>\n<td class=\"xl66\" height=\"32\">William Hauke of Effingham (aka William of Effingham)<\/td>\n<td class=\"xl66\">Princess&#8217; Token<\/td>\n<\/tr>\n<tr>\n<td class=\"xl66\" height=\"32\">William Prawl<\/td>\n<td class=\"xl66\">Princess&#8217; Token<\/td>\n<\/tr>\n<tr>\n<td class=\"xl66\" height=\"32\">Zaid al-Fallah al-Hajji (aka Merced Maggiesbane of Hove, Zaid al-Fallah Haji, Zaid al-fallah hajji)<\/td>\n<td class=\"xl66\">Coronet&#8217;s Favor (Cynagua)<\/td>\n<\/tr>\n<tr>\n<td class=\"xl66\" height=\"32\">Ruadh\u00e1n mac Aoidh<\/td>\n<td class=\"xl66\">Den Grimme Aeling<\/td>\n<\/tr>\n<tr>\n<td class=\"xl66\" height=\"32\">Arthur Baynbridge (aka Arthurus Ward, Alaric Bannson, Arthur Bainbridge)<\/td>\n<td class=\"xl66\">Roll of Captains<\/td>\n<\/tr>\n<tr>\n<td class=\"xl66\" height=\"32\">Dante de Collino (aka Dante DeCollino, Daniel of Danegeld Tor)<\/td>\n<td class=\"xl66\">Black Wing<\/td>\n<\/tr>\n<tr>\n<td height=\"21\">&nbsp;<\/td>\n<td>&nbsp;<\/td>\n<\/tr>\n<tr>\n<td class=\"xl65\" colspan=\"2\" height=\"24\">\n<h4 style=\"text-align: center;\">1\/6\/2018 (Saturday)&nbsp;&#8212;&nbsp;Twelfth Night Coronation<\/h4>\n<\/td>\n<\/tr>\n<tr>\n<td class=\"xl66\" height=\"32\">Gunvid of Champclair (aka Gunvald of Champclair)<\/td>\n<td class=\"xl66\">Award of Arms<\/td>\n<\/tr>\n<tr>\n<td class=\"xl66\" height=\"32\">Mairin of the West<\/td>\n<td class=\"xl66\">Award of Arms<\/td>\n<\/tr>\n<tr>\n<td class=\"xl66\" height=\"32\">&#8216;Ali ibn Kar\u012bm al-Ghan\u012b (aka &#8216;Ali ibn Kar{i-}m al-Ghan{i-}, Quentin Sablestar, Ali Karim Maluk)<\/td>\n<td class=\"xl66\">La Courtesia<\/td>\n<\/tr>\n<tr>\n<td height=\"21\">&nbsp;<\/td>\n<td>&nbsp;<\/td>\n<\/tr>\n<tr>\n<td class=\"xl65\" colspan=\"2\" height=\"24\">\n<h4 style=\"text-align: center;\">12\/16\/2017 (Saturday)&nbsp;&#8212;&nbsp;(Unknown)<\/h4>\n<\/td>\n<\/tr>\n<tr>\n<td class=\"xl66\" height=\"32\">Arthur Baynbridge (aka Arthurus Ward, Alaric Bannson, Arthur Bainbridge)<\/td>\n<td class=\"xl66\">Coronet&#8217;s Favor (Cynagua)<\/td>\n<\/tr>\n<tr>\n<td class=\"xl66\" height=\"32\">Etain la Gamine<\/td>\n<td class=\"xl66\">Coronet&#8217;s Favor (Cynagua)<\/td>\n<\/tr>\n<tr>\n<td class=\"xl66\" height=\"32\">Vincenzo di Calabria<\/td>\n<td class=\"xl66\">Coronet&#8217;s Favor (Cynagua)<\/td>\n<\/tr>\n<tr>\n<td height=\"21\">&nbsp;<\/td>\n<td>&nbsp;<\/td>\n<\/tr>\n<tr>\n<td class=\"xl65\" colspan=\"2\" height=\"24\">\n<h4 style=\"text-align: center;\">10\/28\/2017 (Saturday)&nbsp;&#8212;&nbsp;Cynagua Coronet Tournament<\/h4>\n<\/td>\n<\/tr>\n<tr>\n<td class=\"xl66\" height=\"32\">Lucas Mac Conmael (aka Bjorn Leukos MacDomniul)<\/td>\n<td class=\"xl66\">Award of Arms<\/td>\n<\/tr>\n<tr>\n<td class=\"xl66\" height=\"32\">Rhys ap Gwion Baird (aka Rys abn Gwion Barid)<\/td>\n<td class=\"xl66\">Melan Pteron Cynagua<\/td>\n<\/tr>\n<tr>\n<td class=\"xl66\" height=\"32\">Edmond of Surrey (aka Edmund of Surrey)<\/td>\n<td class=\"xl66\">Black Swan<\/td>\n<\/tr>\n<tr>\n<td class=\"xl66\" height=\"32\">Katrina Yarbrough<\/td>\n<td class=\"xl66\">Swan&#8217;s Heart<\/td>\n<\/tr>\n<tr>\n<td class=\"xl66\" height=\"32\">Mairin of the West<\/td>\n<td class=\"xl66\">Cynaguan Quill (Bronze)<\/td>\n<\/tr>\n<tr>\n<td class=\"xl66\" height=\"32\">Kolbeinn \u00deorgr\u00edmsson (aka Kolbeinn Torgrimmson, Kolbeinn Thorgriensson, Bernhardt Barackhusenn, Bernhardt Barkhausen)<\/td>\n<td class=\"xl66\">Circlet of Gallantry<\/td>\n<\/tr>\n<tr>\n<td class=\"xl66\" height=\"32\">Roric Darkinson (aka Roric Darkenson)<\/td>\n<td class=\"xl66\">Circlet of Honor<\/td>\n<\/tr>\n<tr>\n<td class=\"xl66\" height=\"32\">Seth MacAlpine<\/td>\n<td class=\"xl66\">Torse Cynagua<\/td>\n<\/tr>\n<tr>\n<td class=\"xl66\" height=\"32\">Lucas Mac Conmael (aka Bjorn Leukos MacDomniul)<\/td>\n<td class=\"xl66\">Cynaguan Medal of Honor<\/td>\n<\/tr>\n<tr>\n<td class=\"xl66\" height=\"32\">Eirikr skreyja<\/td>\n<td class=\"xl66\">Gilded Swan<\/td>\n<\/tr>\n<tr>\n<td class=\"xl66\" height=\"32\">Ryu Shimizu<\/td>\n<td class=\"xl66\">Cygnet<\/td>\n<\/tr>\n<tr>\n<td class=\"xl66\" height=\"32\">Rosamonde Aurelia Ravensee (aka Rosamund Ravensea, Rosamund Aurelia Ravensea, Rosamonde the Sweetmaker)<\/td>\n<td class=\"xl66\">Copper Spoon<\/td>\n<\/tr>\n<tr>\n<td class=\"xl66\" height=\"32\">Tusya Tatiana Sudoseva<\/td>\n<td class=\"xl66\">Black Wing<\/td>\n<\/tr>\n<tr>\n<td class=\"xl66\" height=\"32\">William Hauke of Effingham (aka William of Effingham)<\/td>\n<td class=\"xl66\">Black Wing<\/td>\n<\/tr>\n<tr>\n<td height=\"21\">&nbsp;<\/td>\n<td>&nbsp;<\/td>\n<\/tr>\n<tr>\n<td class=\"xl65\" colspan=\"2\" height=\"24\">\n<h4 style=\"text-align: center;\">10\/7\/2017 (Saturday)&nbsp;&#8212;&nbsp;Great Western War<\/h4>\n<\/td>\n<\/tr>\n<tr>\n<td class=\"xl66\" height=\"32\">Cassiopeia Livius (aka Cassiopea Olivus)<\/td>\n<td class=\"xl66\">Melan Pteron Cynagua<\/td>\n<\/tr>\n<tr>\n<td height=\"21\">&nbsp;<\/td>\n<td>&nbsp;<\/td>\n<\/tr>\n<tr>\n<td class=\"xl65\" colspan=\"2\" height=\"24\">\n<h4 style=\"text-align: center;\">9\/30\/2017 (Saturday)&nbsp;&#8212;&nbsp;Thor Heyerdahl Feast and Rapier Championship<\/h4>\n<\/td>\n<\/tr>\n<tr>\n<td class=\"xl66\" height=\"32\">&#8216;Ali ibn Kar\u012bm al-Ghan\u012b (aka &#8216;Ali ibn Kar{i-}m al-Ghan{i-}, Quentin Sablestar, Ali Karim Maluk)<\/td>\n<td class=\"xl66\">Hearth Stone<\/td>\n<\/tr>\n<tr>\n<td class=\"xl66\" height=\"32\">Diane Hardick<\/td>\n<td class=\"xl66\">Hearth Stone<\/td>\n<\/tr>\n<tr>\n<td class=\"xl66\" height=\"32\">Elliot Rogers<\/td>\n<td class=\"xl66\">Hearth Stone<\/td>\n<\/tr>\n<tr>\n<td class=\"xl66\" height=\"32\">Ghita Baird<\/td>\n<td class=\"xl66\">Hearth Stone<\/td>\n<\/tr>\n<tr>\n<td class=\"xl66\" height=\"32\">Janine Ryle<\/td>\n<td class=\"xl66\">Hearth Stone<\/td>\n<\/tr>\n<tr>\n<td class=\"xl66\" height=\"32\">Marti Coyne<\/td>\n<td class=\"xl66\">Hearth Stone<\/td>\n<\/tr>\n<tr>\n<td class=\"xl66\" height=\"32\">Miranda von Stockhausen<\/td>\n<td class=\"xl66\">Hearth Stone<\/td>\n<\/tr>\n<tr>\n<td class=\"xl66\" height=\"32\">Rhys ap Gwion Baird (aka Rys abn Gwion Barid)<\/td>\n<td class=\"xl66\">Hearth Stone<\/td>\n<\/tr>\n<tr>\n<td class=\"xl66\" height=\"32\">Sadika min Asha Saffaron<\/td>\n<td class=\"xl66\">Hearth Stone<\/td>\n<\/tr>\n<tr>\n<td class=\"xl66\" height=\"32\">Umm Jibril Munisa bint al-Nadr (aka Umm Jibril)<\/td>\n<td class=\"xl66\">Hearth Stone<\/td>\n<\/tr>\n<tr>\n<td height=\"21\">&nbsp;<\/td>\n<td>&nbsp;<\/td>\n<\/tr>\n<tr>\n<td class=\"xl65\" colspan=\"2\" height=\"24\">\n<h4 style=\"text-align: center;\">9\/16\/2017 (Saturday)&nbsp;&#8212;&nbsp;Rivenoak Championship Tournament<\/h4>\n<\/td>\n<\/tr>\n<tr>\n<td class=\"xl66\" height=\"32\">Brodie MacMorrow (aka Brody McMorrow)<\/td>\n<td class=\"xl66\">Cynaguan Order of Grace<\/td>\n<\/tr>\n<tr>\n<td class=\"xl66\" height=\"32\">Dolce Olivia Veneziana (aka Dulce Olivia Vinzinia, Olivia MacMorrow, Olivia McMorrow)<\/td>\n<td class=\"xl66\">La Courtesia<\/td>\n<\/tr>\n<tr>\n<td class=\"xl66\" height=\"32\">John Angelus (aka John Diogenes)<\/td>\n<td class=\"xl66\">Cynaguan Guard<\/td>\n<\/tr>\n<tr>\n<td height=\"21\">&nbsp;<\/td>\n<td>&nbsp;<\/td>\n<\/tr>\n<tr>\n<td class=\"xl65\" colspan=\"2\" height=\"24\">\n<h4 style=\"text-align: center;\">8\/26\/2017 (Saturday)&nbsp;&#8212;&nbsp;Raptor War (Artemisia)<\/h4>\n<\/td>\n<\/tr>\n<tr>\n<td class=\"xl66\" height=\"32\">Cavalry of the Sword and Horse (Group)<\/td>\n<td class=\"xl66\">Den Grimme Aeling<\/td>\n<\/tr>\n<tr>\n<td height=\"21\">&nbsp;<\/td>\n<td>&nbsp;<\/td>\n<\/tr>\n<tr>\n<td height=\"21\">\n<h4 style=\"text-align: right;\">8\/20\/2017 (Sunday) &#8212; Meet and Beat<\/h4>\n<\/td>\n<td>&nbsp;<\/td>\n<\/tr>\n<tr>\n<td class=\"xl66\" height=\"32\">Fearghus mac Airt (aka Fearghus McArt)<\/td>\n<td class=\"xl66\">Melan Pteron Cynagua<\/td>\n<\/tr>\n<tr>\n<td height=\"21\">&nbsp;<\/td>\n<td>&nbsp;<\/td>\n<\/tr>\n<tr>\n<td class=\"xl65\" colspan=\"2\" height=\"24\">\n<h4 style=\"text-align: center;\">8\/19\/2017 (Saturday)&nbsp;&#8212;&nbsp;Dante&#8217;s Inforno Tournament and Feast<\/h4>\n<\/td>\n<\/tr>\n<tr>\n<td class=\"xl66\" height=\"32\">Aldona dochka Fedor<\/td>\n<td class=\"xl66\">Award of Arms<\/td>\n<\/tr>\n<tr>\n<td class=\"xl66\" height=\"32\">Ciar\u00e1n mac Ulth\u00e1in (aka Ciaran MacUlthain, Sean of Windy Meads, Sean McKee)<\/td>\n<td class=\"xl66\">Award of Arms<\/td>\n<\/tr>\n<tr>\n<td class=\"xl66\" height=\"32\">Hosokawa Shitagau (aka Hosokawa no Shida, Shida)<\/td>\n<td class=\"xl66\">Award of Arms<\/td>\n<\/tr>\n<tr>\n<td class=\"xl66\" height=\"32\">Rolf of Esterfenn<\/td>\n<td class=\"xl66\">Award of Arms<\/td>\n<\/tr>\n<tr>\n<td class=\"xl66\" height=\"32\">Naran Chinua (aka Sunwolf Naran Shona, Sunwolf)<\/td>\n<td class=\"xl66\">Cynaguan Quill (Bronze)<\/td>\n<\/tr>\n<tr>\n<td class=\"xl66\" height=\"32\">Susan Lin<\/td>\n<td class=\"xl66\">Friendly Castle<\/td>\n<\/tr>\n<tr>\n<td height=\"21\">&nbsp;<\/td>\n<td>&nbsp;<\/td>\n<\/tr>\n<tr>\n<td class=\"xl65\" colspan=\"2\" height=\"24\">\n<h4 style=\"text-align: center;\">8\/9\/2017 (Wednesday)&nbsp;&#8212;&nbsp;Pennsic War<\/h4>\n<\/td>\n<\/tr>\n<tr>\n<td class=\"xl66\" height=\"32\">Mountain Confederation (Group)<\/td>\n<td class=\"xl66\">Den Grimme Aeling<\/td>\n<\/tr>\n<tr>\n<td height=\"21\">&nbsp;<\/td>\n<td>&nbsp;<\/td>\n<\/tr>\n<tr>\n<td class=\"xl65\" colspan=\"2\" height=\"24\">\n<h4 style=\"text-align: center;\">8\/5\/2017 (Saturday)&nbsp;&#8212;&nbsp;Fettburg Midsummer&#8217;s Feast<\/h4>\n<\/td>\n<\/tr>\n<tr>\n<td class=\"xl66\" height=\"32\">Elias de Valencia (aka Elias of Fettburg)<\/td>\n<td class=\"xl66\">Award of Arms<\/td>\n<\/tr>\n<tr>\n<td class=\"xl66\" height=\"32\">Khalila al-Zahra&#8217; (aka Kallila al-Zahra, Kalila Janan Liliasdottir)<\/td>\n<td class=\"xl66\">Scutiferus Cynaguae<\/td>\n<\/tr>\n<tr>\n<td height=\"21\">&nbsp;<\/td>\n<td>&nbsp;<\/td>\n<\/tr>\n<tr>\n<td class=\"xl65\" colspan=\"2\" height=\"24\">\n<h4 style=\"text-align: center;\">7\/22\/2017 (Saturday)&nbsp;&#8212;&nbsp;Cynagua Investiture<\/h4>\n<\/td>\n<\/tr>\n<tr>\n<td class=\"xl66\" height=\"32\">Brenna Bethan (aka Brenna of Bethany, Breanna of Bethany)<\/td>\n<td class=\"xl66\">Viscountess<\/td>\n<\/tr>\n<tr>\n<td class=\"xl66\" height=\"32\">Raven of Drachenheim (aka Raven of Drakkenheim)<\/td>\n<td class=\"xl66\">Viscount<\/td>\n<\/tr>\n<tr>\n<td class=\"xl66\" height=\"32\">Gwyn Chwith ap Llyr (aka Gwyn Quilth ap Lear)<\/td>\n<td class=\"xl66\">Rose Leaf<\/td>\n<\/tr>\n<tr>\n<td class=\"xl66\" height=\"32\">Jitka Pavlova<\/td>\n<td class=\"xl66\">Leaf of Merit<\/td>\n<\/tr>\n<tr>\n<td class=\"xl66\" height=\"32\">Morgan ferch Gwion Baird<\/td>\n<td class=\"xl66\">Award of Arms<\/td>\n<\/tr>\n<tr>\n<td class=\"xl66\" height=\"32\">William Hauke of Effingham (aka William of Effingham)<\/td>\n<td class=\"xl66\">Scutiferus Cynaguae<\/td>\n<\/tr>\n<tr>\n<td class=\"xl66\" height=\"32\">Kharatai Chinua (aka Blackwolf [of Cynagua], Tarkhan Shona, Nick Malinowski)<\/td>\n<td class=\"xl66\">Friendly Castle<\/td>\n<\/tr>\n<tr>\n<td class=\"xl66\" height=\"32\">Naran Chinua (aka Sunwolf Naran Shona, Sunwolf)<\/td>\n<td class=\"xl66\">Friendly Castle<\/td>\n<\/tr>\n<tr>\n<td class=\"xl66\" height=\"32\">Abrahe \u00e7arago\u00e7a (aka Aldred de la Vihuella, Aldred MackIntosh, Ealdred Griffin MackIntosh, Ealdred Mac An Toisich)<\/td>\n<td class=\"xl66\">Copper Spoon<\/td>\n<\/tr>\n<tr>\n<td class=\"xl66\" height=\"32\">Brenna Bethan (aka Brenna of Bethany, Breanna of Bethany)<\/td>\n<td class=\"xl66\">Crystal Swan<\/td>\n<\/tr>\n<tr>\n<td class=\"xl66\" height=\"32\">Hosokawa Takeshi (aka Reikoku Takeshi, Takeshi Reikoku)<\/td>\n<td class=\"xl66\">Princess&#8217; Champion (Cynagua)<\/td>\n<\/tr>\n<tr>\n<td class=\"xl66\" height=\"32\">Isolte le Quite<\/td>\n<td class=\"xl66\">Princess&#8217; Champion (Cynagua)<\/td>\n<\/tr>\n<tr>\n<td class=\"xl66\" height=\"32\">Lochlainn Bjornulfsson (aka Kors Damiszoon)<\/td>\n<td class=\"xl66\">Lord Defender of Cynagua<\/td>\n<\/tr>\n<tr>\n<td class=\"xl66\" height=\"32\">Aodh\u00e1n \u00d3 Ceallaigh (aka Aodhan O&#8217;Ceallaigh)<\/td>\n<td class=\"xl66\">Cynaguan Guard<\/td>\n<\/tr>\n<tr>\n<td class=\"xl66\" height=\"32\">Arthur Baynbridge (aka Arthurus Ward, Alaric Bannson, Arthur Bainbridge)<\/td>\n<td class=\"xl66\">Cynaguan Guard &#8211; Captain<\/td>\n<\/tr>\n<tr>\n<td class=\"xl66\" height=\"32\">Dante de Collino (aka Dante DeCollino, Daniel of Danegeld Tor)<\/td>\n<td class=\"xl66\">Cynaguan Guard &#8211; Lieutenant<\/td>\n<\/tr>\n<tr>\n<td class=\"xl66\" height=\"32\">Hattori Shingen<\/td>\n<td class=\"xl66\">Cynaguan Guard<\/td>\n<\/tr>\n<tr>\n<td class=\"xl66\" height=\"32\">Jitka Pavlova<\/td>\n<td class=\"xl66\">Cynaguan Guard<\/td>\n<\/tr>\n<tr>\n<td class=\"xl66\" height=\"32\">Lucas Mac Conmael (aka Bjorn Leukos MacDomniul)<\/td>\n<td class=\"xl66\">Cynaguan Guard<\/td>\n<\/tr>\n<tr>\n<td class=\"xl66\" height=\"32\">Ragnar Walrichsson (aka Arjac of Vakkerfjell)<\/td>\n<td class=\"xl66\">Cynaguan Guard<\/td>\n<\/tr>\n<tr>\n<td class=\"xl66\" height=\"32\">Trian mac Caemgen (aka Trion Caolmhe)<\/td>\n<td class=\"xl66\">Cynaguan Guard<\/td>\n<\/tr>\n<tr>\n<td class=\"xl66\" height=\"32\">William Hauke of Effingham (aka William of Effingham)<\/td>\n<td class=\"xl66\">Cynaguan Guard<\/td>\n<\/tr>\n<tr>\n<td class=\"xl66\" height=\"32\">William Prawl<\/td>\n<td class=\"xl66\">Cynaguan Guard<\/td>\n<\/tr>\n<tr>\n<td class=\"xl66\" height=\"32\">Cormac Ci\u00fain (aka Cormac of Canale)<\/td>\n<td class=\"xl66\">Prince&#8217;s Huscarl<\/td>\n<\/tr>\n<tr>\n<td class=\"xl66\" height=\"32\">Hosokawa Shigeyoshi (aka Hosokawa Shigayoshi, Shishio, Hosokawa Shishio)<\/td>\n<td class=\"xl66\">Prince&#8217;s Huscarl<\/td>\n<\/tr>\n<tr>\n<td class=\"xl66\" height=\"32\">Mikolaj de Bracy<\/td>\n<td class=\"xl66\">Prince&#8217;s Huscarl<\/td>\n<\/tr>\n<tr>\n<td class=\"xl66\" height=\"32\">Walerich von Bredereke (aka Walerich von Brederek)<\/td>\n<td class=\"xl66\">Prince&#8217;s Huscarl<\/td>\n<\/tr>\n<\/tbody>\n<\/table>\n","protected":false},"excerpt":{"rendered":"<p>Awards data courtesy of the Golem Herald 1\/27\/2018 (Saturday)&nbsp;&#8212;&nbsp;Cynagua Investiture Aurora Komnene Ruxton (#73) Christiana of Danegeld Tor Award of Arms Aodh\u00e1n \u00d3 Ceallaigh (aka Aodhan O&#8217;Ceallaigh) Scutiferus Cynaguae Aurora [&hellip;]<\/p>\n","protected":false},"author":1,"featured_media":0,"parent":977,"menu_order":0,"comment_status":"closed","ping_status":"closed","template":"","meta":{"_exactmetrics_skip_tracking":false,"_exactmetrics_sitenote_active":false,"_exactmetrics_sitenote_note":"","_exactmetrics_sitenote_category":0,"ngg_post_thumbnail":0,"footnotes":""},"class_list":["post-985","page","type-page","status-publish","czr-hentry"],"_links":{"self":[{"href":"https:\/\/cynagua.westkingdom.org\/wpp\/wp-json\/wp\/v2\/pages\/985","targetHints":{"allow":["GET"]}}],"collection":[{"href":"https:\/\/cynagua.westkingdom.org\/wpp\/wp-json\/wp\/v2\/pages"}],"about":[{"href":"https:\/\/cynagua.westkingdom.org\/wpp\/wp-json\/wp\/v2\/types\/page"}],"author":[{"embeddable":true,"href":"https:\/\/cynagua.westkingdom.org\/wpp\/wp-json\/wp\/v2\/users\/1"}],"replies":[{"embeddable":true,"href":"https:\/\/cynagua.westkingdom.org\/wpp\/wp-json\/wp\/v2\/comments?post=985"}],"version-history":[{"count":4,"href":"https:\/\/cynagua.westkingdom.org\/wpp\/wp-json\/wp\/v2\/pages\/985\/revisions"}],"predecessor-version":[{"id":1732,"href":"https:\/\/cynagua.westkingdom.org\/wpp\/wp-json\/wp\/v2\/pages\/985\/revisions\/1732"}],"up":[{"embeddable":true,"href":"https:\/\/cynagua.westkingdom.org\/wpp\/wp-json\/wp\/v2\/pages\/977"}],"wp:attachment":[{"href":"https:\/\/cynagua.westkingdom.org\/wpp\/wp-json\/wp\/v2\/media?parent=985"}],"curies":[{"name":"wp","href":"https:\/\/api.w.org\/{rel}","templated":true}]}}